{"id":274,"date":"2023-11-02T10:10:48","date_gmt":"2023-11-02T10:10:48","guid":{"rendered":"https:\/\/luxometer.com\/?page_id=274"},"modified":"2025-09-03T09:04:32","modified_gmt":"2025-09-03T09:04:32","slug":"marques","status":"publish","type":"page","link":"https:\/\/luxometer.com\/ca\/marques\/","title":{"rendered":"Marques"},"content":{"rendered":"<div class='flex_column_table av-lozrfkr1-ec344a41bdd93f9fd0235a5fd9b35f52 sc-av_one_half av-equal-height-column-flextable'><div  class='flex_column av-lozrfkr1-ec344a41bdd93f9fd0235a5fd9b35f52 av_one_half  avia-builder-el-0  el_before_av_one_half  avia-builder-el-first  first flex_column_table_cell av-equal-height-column av-align-middle  '     ><p>\n<style type=\"text\/css\" data-created_by=\"avia_inline_auto\" id=\"style-css-av-lozr8ley-aa35796e4f4be8687e1115fc123111c6\">\n#top .av-special-heading.av-lozr8ley-aa35796e4f4be8687e1115fc123111c6{\npadding-bottom:10px;\n}\nbody .av-special-heading.av-lozr8ley-aa35796e4f4be8687e1115fc123111c6 .av-special-heading-tag .heading-char{\nfont-size:25px;\n}\n.av-special-heading.av-lozr8ley-aa35796e4f4be8687e1115fc123111c6 .av-subheading{\nfont-size:15px;\n}\n<\/style>\n<div  class='av-special-heading av-lozr8ley-aa35796e4f4be8687e1115fc123111c6 av-special-heading-h2 blockquote modern-quote  avia-builder-el-1  el_before_av_textblock  avia-builder-el-first '><h2 class='av-special-heading-tag '  itemprop=\"headline\"  >Explora Les nostres Aliances Lluminoses<\/h2><div class=\"special-heading-border\"><div class=\"special-heading-inner-border\"><\/div><\/div><\/div><br \/>\n<section  class='av_textblock_section av-lozrbp4c-8b1be7065e4c56e20a3af0d0445871a7 '   itemscope=\"itemscope\" itemtype=\"https:\/\/schema.org\/CreativeWork\" ><div class='avia_textblock'  itemprop=\"text\" ><p>A Luxometer, ens associem amb les marques <strong>m\u00e9s destacades al m\u00f3n de la il\u00b7luminaci\u00f3<\/strong>. Cadascuna de les nostres aliances representa l&#8217;excel\u00b7l\u00e8ncia en <strong>disseny, qualitat i tecnologia<\/strong>. Des de noms reconeguts fins a innovadors emergents, seleccionem acuradament marques que ofereixen una \u00e0mplia gamma de solucions lum\u00edniques per adaptar-se a les necessitats espec\u00edfiques.<\/p>\n<div id=\"gtx-trans\" style=\"position: absolute; left: 310px; top: 21.5938px;\">\n<div class=\"gtx-trans-icon\"><\/div>\n<\/div>\n<\/div><\/section><\/p><\/div>\n<div class='av-flex-placeholder'><\/div><div  class='flex_column av-spjq-b490f02bc5fbd9399a94971ad8b8d1a8 av_one_half  avia-builder-el-3  el_after_av_one_half  el_before_av_section  avia-builder-el-last  lamp-marcas flex_column_table_cell av-equal-height-column av-align-middle  '     ><style type=\"text\/css\" data-created_by=\"avia_inline_auto\" id=\"style-css-av-lozrfgex-52edc2501bdab7beaa30def6378f4639\">\n.avia-image-container.av-lozrfgex-52edc2501bdab7beaa30def6378f4639 img.avia_image{\nbox-shadow:none;\n}\n.avia-image-container.av-lozrfgex-52edc2501bdab7beaa30def6378f4639 .av-image-caption-overlay-center{\ncolor:#ffffff;\n}\n<\/style>\n<div  class='avia-image-container av-lozrfgex-52edc2501bdab7beaa30def6378f4639 av-styling- avia-align-center  avia-builder-el-4  avia-builder-el-no-sibling '   itemprop=\"image\" itemscope=\"itemscope\" itemtype=\"https:\/\/schema.org\/ImageObject\" ><div class=\"avia-image-container-inner\"><div class=\"avia-image-overlay-wrap\"><img decoding=\"async\" fetchpriority=\"high\" class='wp-image-227 avia-img-lazy-loading-not-227 avia_image ' src=\"https:\/\/luxometer.com\/wp-content\/uploads\/2023\/11\/b_ce24772a-9d93-2005-02a2-2ba4e0f31d2d.webp\" alt='' title='b_ce24772a-9d93-2005-02a2-2ba4e0f31d2d'  height=\"630\" width=\"840\"  itemprop=\"thumbnailUrl\" srcset=\"https:\/\/luxometer.com\/wp-content\/uploads\/2023\/11\/b_ce24772a-9d93-2005-02a2-2ba4e0f31d2d.webp 840w, https:\/\/luxometer.com\/wp-content\/uploads\/2023\/11\/b_ce24772a-9d93-2005-02a2-2ba4e0f31d2d-300x225.webp 300w, https:\/\/luxometer.com\/wp-content\/uploads\/2023\/11\/b_ce24772a-9d93-2005-02a2-2ba4e0f31d2d-768x576.webp 768w, https:\/\/luxometer.com\/wp-content\/uploads\/2023\/11\/b_ce24772a-9d93-2005-02a2-2ba4e0f31d2d-705x529.webp 705w\" sizes=\"(max-width: 840px) 100vw, 840px\" \/><\/div><\/div><\/div><\/div><\/div><!--close column table wrapper. Autoclose: 1 -->\n<\/div><\/div><\/div><!-- close content main div --><\/div><\/div>\n<style type=\"text\/css\" data-created_by=\"avia_inline_auto\" id=\"style-css-av-4pmgq-1a295e75332ab3ee3b610c7b0ed2a3ae\">\n.avia-section.av-4pmgq-1a295e75332ab3ee3b610c7b0ed2a3ae{\nbackground-color:#f7f2f2;\nbackground-image:unset;\n}\n<\/style>\n<div id='logos_home'  class='avia-section av-4pmgq-1a295e75332ab3ee3b610c7b0ed2a3ae main_color avia-section-no-padding avia-no-border-styling  avia-builder-el-5  el_after_av_one_half  avia-builder-el-last  avia-bg-style-scroll container_wrap fullsize'  ><div class='container av-section-cont-open' ><div class='template-page content  av-content-full alpha units'><div class='post-entry post-entry-type-page post-entry-274'><div class='entry-content-wrapper clearfix'>\n<div  class='avia-logo-element-container av-lozrhwhw-b0662b06ed2b64767b30384cbd7bd7e9 av-border-deactivate avia-logo-grid avia-content-slider avia-smallarrow-slider avia-content-grid-active noHover avia-content-slider-odd  avia-builder-el-6  avia-builder-el-no-sibling  avia-content-slider1' ><div class='avia-smallarrow-slider-heading  no-logo-slider-heading '><div class='new-special-heading'>&nbsp;<\/div><\/div><div class=\"avia-content-slider-inner\"><div class=\"slide-entry-wrap\"><div  class='slide-entry av-lozt25ck-a722f31839e266596fe7f92785afc02d flex_column no_margin av_one_fifth real-thumbnail post-entry slide-entry-overview slide-loop-1 slide-parity-odd  first'><a href=\"https:\/\/www.antonangeli.it\/\" data-rel='slide-1' class='slide-image' title=''  target=\"_blank\"  rel=\"noopener noreferrer\"><span class='av-partner-fake-img' style='padding-bottom:100%; background-image:url(https:\/\/luxometer.com\/wp-content\/uploads\/2023\/11\/antonan.png);'><\/span><\/a><\/div><div  class='slide-entry av-3hi9q-d7dcd23a616d084f04a02ca4df28c644 flex_column no_margin av_one_fifth real-thumbnail post-entry slide-entry-overview slide-loop-2 slide-parity-even  '><a href=\"https:\/\/www.aldobernardi.com\/\" data-rel='slide-1' class='slide-image' title=''  target=\"_blank\"  rel=\"noopener noreferrer\"><span class='av-partner-fake-img' style='padding-bottom:100%; background-image:url(https:\/\/luxometer.com\/wp-content\/uploads\/2023\/11\/aldobernardi-logo.png);'><\/span><\/a><\/div><div  class='slide-entry av-2n8ge-e1a49eb74e10ce26e18f4cbeccfbb95c flex_column no_margin av_one_fifth real-thumbnail post-entry slide-entry-overview slide-loop-3 slide-parity-odd  '><a href=\"https:\/\/www.brickinthewall.eu\/es\/products\/\" data-rel='slide-1' class='slide-image' title=''  target=\"_blank\"  rel=\"noopener noreferrer\"><span class='av-partner-fake-img' style='padding-bottom:100%; background-image:url(https:\/\/luxometer.com\/wp-content\/uploads\/2023\/11\/bitwall-logo.png);'><\/span><\/a><\/div><div  class='slide-entry av-3v7pm-223e3aad9e006dae7690c2950dd08105 flex_column no_margin av_one_fifth real-thumbnail post-entry slide-entry-overview slide-loop-4 slide-parity-even  '><a href=\"https:\/\/www.cphlighting.dk\/en\/home\/\" data-rel='slide-1' class='slide-image' title=''  target=\"_blank\"  rel=\"noopener noreferrer\"><span class='av-partner-fake-img' style='padding-bottom:100%; background-image:url(https:\/\/luxometer.com\/wp-content\/uploads\/2023\/11\/cph.png);'><\/span><\/a><\/div><div  class='slide-entry av-20ddu-55b511295981c58fad062d2ba565eab1 flex_column no_margin av_one_fifth real-thumbnail post-entry slide-entry-overview slide-loop-5 slide-parity-odd  '><a href=\"https:\/\/www.diomedelight.com\/en\" data-rel='slide-1' class='slide-image' title=''  target=\"_blank\"  rel=\"noopener noreferrer\"><span class='av-partner-fake-img' style='padding-bottom:100%; background-image:url(https:\/\/luxometer.com\/wp-content\/uploads\/2023\/11\/diomede.png);'><\/span><\/a><\/div><\/div><div class=\"slide-entry-wrap\"><div  class='slide-entry av-qr6e-88d8adc7e44ae8ea182fc1247161cf63 flex_column no_margin av_one_fifth real-thumbnail post-entry slide-entry-overview slide-loop-6 slide-parity-odd  first'><a href=\"http:\/\/www.feeluxlighting.com\/\" data-rel='slide-1' class='slide-image' title=''  target=\"_blank\"  rel=\"noopener noreferrer\"><span class='av-partner-fake-img' style='padding-bottom:100%; background-image:url(https:\/\/luxometer.com\/wp-content\/uploads\/2023\/11\/feelux-logo.png);'><\/span><\/a><\/div><div  class='slide-entry av-lozt46wv-4cdf8bc85309f43153f7fea399e2fe24 flex_column no_margin av_one_fifth real-thumbnail post-entry slide-entry-overview slide-loop-7 slide-parity-even  '><a href=\"https:\/\/www.goodnight-lighting.com\/\" data-rel='slide-1' class='slide-image' title=''  target=\"_blank\"  rel=\"noopener noreferrer\"><span class='av-partner-fake-img' style='padding-bottom:100%; background-image:url(https:\/\/luxometer.com\/wp-content\/uploads\/2023\/11\/good.png);'><\/span><\/a><\/div><div  class='slide-entry av-1fnuy-196c38bccabb9b554e61c36110486851 flex_column no_margin av_one_fifth real-thumbnail post-entry slide-entry-overview slide-loop-8 slide-parity-odd  '><a href=\"https:\/\/knikerboker.it\/\" data-rel='slide-1' class='slide-image' title=''  target=\"_blank\"  rel=\"noopener noreferrer\"><span class='av-partner-fake-img' style='padding-bottom:100%; background-image:url(https:\/\/luxometer.com\/wp-content\/uploads\/2023\/11\/kniberboker.png);'><\/span><\/a><\/div><div  class='slide-entry av-mf3r2x3j-6de3aba5b739c4fe9cfb2e17635fd31f flex_column no_margin av_one_fifth real-thumbnail post-entry slide-entry-overview slide-loop-9 slide-parity-even post-entry-last '><a href=\"https:\/\/www.restartmilano.com\/\" data-rel='slide-1' class='slide-image' title='' ><span class='av-partner-fake-img' style='padding-bottom:100%; background-image:url(https:\/\/luxometer.com\/wp-content\/uploads\/2025\/06\/logo-restart-small2.png);'><\/span><\/a><\/div><\/div><\/div><\/div>\n\n","protected":false},"excerpt":{"rendered":"","protected":false},"author":1,"featured_media":0,"parent":0,"menu_order":0,"comment_status":"closed","ping_status":"closed","template":"","meta":{"footnotes":""},"class_list":["post-274","page","type-page","status-publish","hentry"],"yoast_head":"<!-- This site is optimized with the Yoast SEO plugin v27.6 - https:\/\/yoast.com\/product\/yoast-seo-wordpress\/ -->\n<title>Marques - Luxometer<\/title>\n<meta name=\"description\" content=\"Explora les principals marques d&#039;il\u00b7luminaci\u00f3 a Luxometer. Descobreix qualitat i varietat en solucions lum\u00edniques per als espais.\" \/>\n<meta name=\"robots\" content=\"index, follow, max-snippet:-1, max-image-preview:large, max-video-preview:-1\" \/>\n<link rel=\"canonical\" href=\"https:\/\/luxometer.com\/ca\/marques\/\" \/>\n<meta property=\"og:locale\" content=\"ca_ES\" \/>\n<meta property=\"og:type\" content=\"article\" \/>\n<meta property=\"og:title\" content=\"Marques - Luxometer\" \/>\n<meta property=\"og:description\" content=\"Explora les principals marques d&#039;il\u00b7luminaci\u00f3 a Luxometer. Descobreix qualitat i varietat en solucions lum\u00edniques per als espais.\" \/>\n<meta property=\"og:url\" content=\"https:\/\/luxometer.com\/ca\/marques\/\" \/>\n<meta property=\"og:site_name\" content=\"Luxometer\" \/>\n<meta property=\"article:modified_time\" content=\"2025-09-03T09:04:32+00:00\" \/>\n<meta name=\"twitter:card\" content=\"summary_large_image\" \/>\n<meta name=\"twitter:label1\" content=\"Temps estimat de lectura\" \/>\n\t<meta name=\"twitter:data1\" content=\"1 minut\" \/>\n<script type=\"application\/ld+json\" class=\"yoast-schema-graph\">{\"@context\":\"https:\\\/\\\/schema.org\",\"@graph\":[{\"@type\":\"WebPage\",\"@id\":\"https:\\\/\\\/luxometer.com\\\/ca\\\/marques\\\/\",\"url\":\"https:\\\/\\\/luxometer.com\\\/ca\\\/marques\\\/\",\"name\":\"Marques - Luxometer\",\"isPartOf\":{\"@id\":\"https:\\\/\\\/luxometer.com\\\/ca\\\/#website\"},\"datePublished\":\"2023-11-02T10:10:48+00:00\",\"dateModified\":\"2025-09-03T09:04:32+00:00\",\"description\":\"Explora les principals marques d'il\u00b7luminaci\u00f3 a Luxometer. Descobreix qualitat i varietat en solucions lum\u00edniques per als espais.\",\"breadcrumb\":{\"@id\":\"https:\\\/\\\/luxometer.com\\\/ca\\\/marques\\\/#breadcrumb\"},\"inLanguage\":\"ca\",\"potentialAction\":[{\"@type\":\"ReadAction\",\"target\":[\"https:\\\/\\\/luxometer.com\\\/ca\\\/marques\\\/\"]}]},{\"@type\":\"BreadcrumbList\",\"@id\":\"https:\\\/\\\/luxometer.com\\\/ca\\\/marques\\\/#breadcrumb\",\"itemListElement\":[{\"@type\":\"ListItem\",\"position\":1,\"name\":\"Portada\",\"item\":\"https:\\\/\\\/luxometer.com\\\/ca\\\/home\\\/\"},{\"@type\":\"ListItem\",\"position\":2,\"name\":\"Marques\"}]},{\"@type\":\"WebSite\",\"@id\":\"https:\\\/\\\/luxometer.com\\\/ca\\\/#website\",\"url\":\"https:\\\/\\\/luxometer.com\\\/ca\\\/\",\"name\":\"Luxometer\",\"description\":\"\",\"potentialAction\":[{\"@type\":\"SearchAction\",\"target\":{\"@type\":\"EntryPoint\",\"urlTemplate\":\"https:\\\/\\\/luxometer.com\\\/ca\\\/?s={search_term_string}\"},\"query-input\":{\"@type\":\"PropertyValueSpecification\",\"valueRequired\":true,\"valueName\":\"search_term_string\"}}],\"inLanguage\":\"ca\"}]}<\/script>\n<!-- \/ Yoast SEO plugin. -->","yoast_head_json":{"title":"Marques - Luxometer","description":"Explora les principals marques d'il\u00b7luminaci\u00f3 a Luxometer. Descobreix qualitat i varietat en solucions lum\u00edniques per als espais.","robots":{"index":"index","follow":"follow","max-snippet":"max-snippet:-1","max-image-preview":"max-image-preview:large","max-video-preview":"max-video-preview:-1"},"canonical":"https:\/\/luxometer.com\/ca\/marques\/","og_locale":"ca_ES","og_type":"article","og_title":"Marques - Luxometer","og_description":"Explora les principals marques d'il\u00b7luminaci\u00f3 a Luxometer. Descobreix qualitat i varietat en solucions lum\u00edniques per als espais.","og_url":"https:\/\/luxometer.com\/ca\/marques\/","og_site_name":"Luxometer","article_modified_time":"2025-09-03T09:04:32+00:00","twitter_card":"summary_large_image","twitter_misc":{"Temps estimat de lectura":"1 minut"},"schema":{"@context":"https:\/\/schema.org","@graph":[{"@type":"WebPage","@id":"https:\/\/luxometer.com\/ca\/marques\/","url":"https:\/\/luxometer.com\/ca\/marques\/","name":"Marques - Luxometer","isPartOf":{"@id":"https:\/\/luxometer.com\/ca\/#website"},"datePublished":"2023-11-02T10:10:48+00:00","dateModified":"2025-09-03T09:04:32+00:00","description":"Explora les principals marques d'il\u00b7luminaci\u00f3 a Luxometer. Descobreix qualitat i varietat en solucions lum\u00edniques per als espais.","breadcrumb":{"@id":"https:\/\/luxometer.com\/ca\/marques\/#breadcrumb"},"inLanguage":"ca","potentialAction":[{"@type":"ReadAction","target":["https:\/\/luxometer.com\/ca\/marques\/"]}]},{"@type":"BreadcrumbList","@id":"https:\/\/luxometer.com\/ca\/marques\/#breadcrumb","itemListElement":[{"@type":"ListItem","position":1,"name":"Portada","item":"https:\/\/luxometer.com\/ca\/home\/"},{"@type":"ListItem","position":2,"name":"Marques"}]},{"@type":"WebSite","@id":"https:\/\/luxometer.com\/ca\/#website","url":"https:\/\/luxometer.com\/ca\/","name":"Luxometer","description":"","potentialAction":[{"@type":"SearchAction","target":{"@type":"EntryPoint","urlTemplate":"https:\/\/luxometer.com\/ca\/?s={search_term_string}"},"query-input":{"@type":"PropertyValueSpecification","valueRequired":true,"valueName":"search_term_string"}}],"inLanguage":"ca"}]}},"_links":{"self":[{"href":"https:\/\/luxometer.com\/ca\/wp-json\/wp\/v2\/pages\/274","targetHints":{"allow":["GET"]}}],"collection":[{"href":"https:\/\/luxometer.com\/ca\/wp-json\/wp\/v2\/pages"}],"about":[{"href":"https:\/\/luxometer.com\/ca\/wp-json\/wp\/v2\/types\/page"}],"author":[{"embeddable":true,"href":"https:\/\/luxometer.com\/ca\/wp-json\/wp\/v2\/users\/1"}],"replies":[{"embeddable":true,"href":"https:\/\/luxometer.com\/ca\/wp-json\/wp\/v2\/comments?post=274"}],"version-history":[{"count":5,"href":"https:\/\/luxometer.com\/ca\/wp-json\/wp\/v2\/pages\/274\/revisions"}],"predecessor-version":[{"id":681,"href":"https:\/\/luxometer.com\/ca\/wp-json\/wp\/v2\/pages\/274\/revisions\/681"}],"wp:attachment":[{"href":"https:\/\/luxometer.com\/ca\/wp-json\/wp\/v2\/media?parent=274"}],"curies":[{"name":"wp","href":"https:\/\/api.w.org\/{rel}","templated":true}]}}