{"id":280,"date":"2023-11-02T10:12:25","date_gmt":"2023-11-02T10:12:25","guid":{"rendered":"https:\/\/luxometer.com\/?page_id=280"},"modified":"2024-01-25T15:10:27","modified_gmt":"2024-01-25T15:10:27","slug":"politica-de-cookies","status":"publish","type":"page","link":"https:\/\/luxometer.com\/ca\/politica-de-cookies\/","title":{"rendered":"Pol\u00edtica de Cookies"},"content":{"rendered":"<p style=\"text-align: center;\">POL\u00cdTICA DE COOKIES<\/p>\n<p>Aquesta p\u00e0gina web\u00a0<strong>info@luxometer.com<\/strong>\u00a0(d&#8217;ara endavant, la \u201cWeb\u201d) \u00e9s propietat de\u00a0<strong>LUXOMETER<\/strong> societat constitu\u00efda i existent d&#8217;acord amb la legislaci\u00f3 espanyola, amb domicili social a <strong>Carrer Ali Bei, 22 08010 Barcelona<\/strong>, CIF n\u00famero <strong>B63072672<\/strong>.<\/p>\n<p>A la nostra web utilitzem cookies pr\u00f2pies que ens permeten millorar l&#8217;experi\u00e8ncia d&#8217;usuari i oferir continguts adaptats als vostres interessos gr\u00e0cies a la personalitzaci\u00f3 del contingut. A m\u00e9s, fem servir galetes de terceres parts que personalitzen la publicitat de les p\u00e0gines que visites amb contingut d&#8217;inter\u00e8s per als nostres usuaris.<\/p>\n<p>En cas que continu\u00efs navegant amb el navegador configurat per acceptar cookies entendrem que acceptes la instal\u00b7laci\u00f3 de cookies tal com es detalla a la Pol\u00edtica de Cookies.<\/p>\n<p><strong>INFORMACI\u00d3 B\u00c0SICA DE COOKIES<\/strong><\/p>\n<p><strong>Qu\u00e8 s\u00f3n les galetes?<\/strong><\/p>\n<p>Les cookies s\u00f3n petites peces d&#8217;informaci\u00f3 que s&#8217;emmagatzemen al navegador del vostre ordinador, tauleta o tel\u00e8fon m\u00f2bil quan visiteu el nostre lloc web, i que faciliten i personalitzen la navegaci\u00f3 en visitar les mateixes p\u00e0gines.<\/p>\n<p><strong>Qu\u00e8 fan les galetes?<\/strong><\/p>\n<p>Les cookies no identifiquen personalment i no suposen cap risc per al vostre ordinador o dispositiu m\u00f2bil. No s\u00f3n virus ni programari espia. Simplement s\u00f3n eines utilitzades pels llocs web que visites per millorar la vostra navegaci\u00f3, perqu\u00e8 les vostres dades viatgin per la xarxa segures, per ajudar-nos a entendre quina informaci\u00f3 de la nostra web \u00e9s m\u00e9s \u00fatil per als nostres usuaris o per saber quines ofertes poden ser de l&#8217;inter\u00e8s de cada usuari. I tot aix\u00f2 d&#8217;una manera totalment an\u00f2nima: mai no en sabrem el nom, l&#8217;adre\u00e7a o el tel\u00e8fon a no ser que tu ens els faciliti. Vost\u00e8 decideix si permet o no les galetes, per\u00f2 si decideix no permetre-les, ha de bloquejar-les al navegador.<\/p>\n<p>A m\u00e9s, ha de tenir en compte que, si decideix no permetre l&#8217;\u00fas de galetes de la Web pot ser que algunes caracter\u00edstiques de la Web no funcionin correctament i, a m\u00e9s, no podrem adaptar la informaci\u00f3 que oferim als seus interessos.<\/p>\n<p><strong>Durant quant de temps estan actives les galetes?<\/strong><\/p>\n<p>B\u00e0sicament, hi ha dos tipus de cookies:<\/p>\n<p>Les de sessi\u00f3, que expiren quan abandona la p\u00e0gina o tanca el navegador, \u00e9s a dir, estan actives mentre dura la visita al nostre lloc web. S&#8217;esborren quan apagueu el dispositiu.<br \/>\nLes permanents, que expiren quan es compleix l&#8217;objectiu per al que serveixen o quan s&#8217;esborren manualment, totes tenen una data d&#8217;esborrament autom\u00e0tica i s&#8217;utilitzen normalment en processos de compra en l\u00ednia, personalitzacions o al registre, per no haver d&#8217;introduir la contrasenya constantment.<br \/>\nPer qu\u00e8 fem servir cookies a info@luxometer.com?<\/p>\n<p><strong>Utilitzem les cookies per a diferents finalitats que s\u00f3n b\u00e0sicament aquestes:<\/strong><\/p>\n<p>T\u00e8cniques: s\u00f3n necess\u00e0ries perqu\u00e8 pugueu navegar per la Web correctament i que pugueu accedir a totes les seccions sense problemes.<br \/>\nD&#8217;an\u00e0lisi: ens permeten entendre com navega per la nostra web, veure qu\u00e8 funciona i qu\u00e8 no, millorar la p\u00e0gina web, calcular quanta gent la visita, per tal de millorar els serveis que us podem oferir. Aquesta informaci\u00f3 \u00e9s an\u00f2nima, i nom\u00e9s la necessitem per a fins estad\u00edstiques.<br \/>\nComplements de mitjans socials: faciliten el seu acc\u00e9s als nostres canals en xarxes socials perqu\u00e8 puguin mantenir-lo al dia amb consells i novetats, aix\u00ed com \u2013 participar de la nostra comunitat en l\u00ednia.<br \/>\nPublicitat: de vegades analitzem les seves prefer\u00e8ncies a la web per poder mostrar publicitat relacionada amb els seus gustos. Aix\u00ed no us fem perdre el temps amb ofertes que realment no us s\u00f3n \u00fatils.<\/p>\n<p><strong>COM CONFIGURAR\/DESACTIVAR LES COOKIES<\/strong><\/p>\n<p><strong>Voleu desactivar les galetes del vostre navegador?<\/strong><\/p>\n<p>En general, els navegadors permeten les galetes per defecte. Quan navegues per la web est\u00e0s acceptant l&#8217;\u00fas de les galetes. No obstant aix\u00f2, tu decideixes si vols navegar amb o sense galetes, ja que poden modificar les teves prefer\u00e8ncies en qualsevol moment.<\/p>\n<div id=\"gtx-trans\" style=\"position: absolute; left: -133px; top: 726.312px;\">\n<div class=\"gtx-trans-icon\"><\/div>\n<\/div>\n","protected":false},"excerpt":{"rendered":"<p>POL\u00cdTICA DE COOKIES Aquesta p\u00e0gina web\u00a0info@luxometer.com\u00a0(d&#8217;ara endavant, la \u201cWeb\u201d) \u00e9s propietat de\u00a0LUXOMETER societat constitu\u00efda i existent d&#8217;acord amb la legislaci\u00f3 espanyola, amb domicili social a Carrer Ali Bei, 22 08010 Barcelona, CIF n\u00famero B63072672. A la nostra web utilitzem cookies pr\u00f2pies que ens permeten millorar l&#8217;experi\u00e8ncia d&#8217;usuari i oferir continguts adaptats als vostres interessos gr\u00e0cies [&hellip;]<\/p>\n","protected":false},"author":1,"featured_media":0,"parent":0,"menu_order":0,"comment_status":"closed","ping_status":"closed","template":"","meta":{"footnotes":""},"class_list":["post-280","page","type-page","status-publish","hentry"],"yoast_head":"<!-- This site is optimized with the Yoast SEO plugin v27.3 - https:\/\/yoast.com\/product\/yoast-seo-wordpress\/ -->\n<title>Pol\u00edtica de Cookies - Luxometer<\/title>\n<meta name=\"robots\" content=\"index, follow, max-snippet:-1, max-image-preview:large, max-video-preview:-1\" \/>\n<link rel=\"canonical\" href=\"https:\/\/luxometer.com\/ca\/politica-de-cookies\/\" \/>\n<meta property=\"og:locale\" content=\"ca_ES\" \/>\n<meta property=\"og:type\" content=\"article\" \/>\n<meta property=\"og:title\" content=\"Pol\u00edtica de Cookies - Luxometer\" \/>\n<meta property=\"og:description\" content=\"POL\u00cdTICA DE COOKIES Aquesta p\u00e0gina web\u00a0info@luxometer.com\u00a0(d&#8217;ara endavant, la \u201cWeb\u201d) \u00e9s propietat de\u00a0LUXOMETER societat constitu\u00efda i existent d&#8217;acord amb la legislaci\u00f3 espanyola, amb domicili social a Carrer Ali Bei, 22 08010 Barcelona, CIF n\u00famero B63072672. A la nostra web utilitzem cookies pr\u00f2pies que ens permeten millorar l&#8217;experi\u00e8ncia d&#8217;usuari i oferir continguts adaptats als vostres interessos gr\u00e0cies [&hellip;]\" \/>\n<meta property=\"og:url\" content=\"https:\/\/luxometer.com\/ca\/politica-de-cookies\/\" \/>\n<meta property=\"og:site_name\" content=\"Luxometer\" \/>\n<meta property=\"article:modified_time\" content=\"2024-01-25T15:10:27+00:00\" \/>\n<meta name=\"twitter:card\" content=\"summary_large_image\" \/>\n<meta name=\"twitter:label1\" content=\"Temps estimat de lectura\" \/>\n\t<meta name=\"twitter:data1\" content=\"3 minuts\" \/>\n<script type=\"application\/ld+json\" class=\"yoast-schema-graph\">{\"@context\":\"https:\\\/\\\/schema.org\",\"@graph\":[{\"@type\":\"WebPage\",\"@id\":\"https:\\\/\\\/luxometer.com\\\/ca\\\/politica-de-cookies\\\/\",\"url\":\"https:\\\/\\\/luxometer.com\\\/ca\\\/politica-de-cookies\\\/\",\"name\":\"Pol\u00edtica de Cookies - Luxometer\",\"isPartOf\":{\"@id\":\"https:\\\/\\\/luxometer.com\\\/ca\\\/#website\"},\"datePublished\":\"2023-11-02T10:12:25+00:00\",\"dateModified\":\"2024-01-25T15:10:27+00:00\",\"breadcrumb\":{\"@id\":\"https:\\\/\\\/luxometer.com\\\/ca\\\/politica-de-cookies\\\/#breadcrumb\"},\"inLanguage\":\"ca\",\"potentialAction\":[{\"@type\":\"ReadAction\",\"target\":[\"https:\\\/\\\/luxometer.com\\\/ca\\\/politica-de-cookies\\\/\"]}]},{\"@type\":\"BreadcrumbList\",\"@id\":\"https:\\\/\\\/luxometer.com\\\/ca\\\/politica-de-cookies\\\/#breadcrumb\",\"itemListElement\":[{\"@type\":\"ListItem\",\"position\":1,\"name\":\"Portada\",\"item\":\"https:\\\/\\\/luxometer.com\\\/ca\\\/home\\\/\"},{\"@type\":\"ListItem\",\"position\":2,\"name\":\"Pol\u00edtica de Cookies\"}]},{\"@type\":\"WebSite\",\"@id\":\"https:\\\/\\\/luxometer.com\\\/ca\\\/#website\",\"url\":\"https:\\\/\\\/luxometer.com\\\/ca\\\/\",\"name\":\"Luxometer\",\"description\":\"\",\"potentialAction\":[{\"@type\":\"SearchAction\",\"target\":{\"@type\":\"EntryPoint\",\"urlTemplate\":\"https:\\\/\\\/luxometer.com\\\/ca\\\/?s={search_term_string}\"},\"query-input\":{\"@type\":\"PropertyValueSpecification\",\"valueRequired\":true,\"valueName\":\"search_term_string\"}}],\"inLanguage\":\"ca\"}]}<\/script>\n<!-- \/ Yoast SEO plugin. -->","yoast_head_json":{"title":"Pol\u00edtica de Cookies - Luxometer","robots":{"index":"index","follow":"follow","max-snippet":"max-snippet:-1","max-image-preview":"max-image-preview:large","max-video-preview":"max-video-preview:-1"},"canonical":"https:\/\/luxometer.com\/ca\/politica-de-cookies\/","og_locale":"ca_ES","og_type":"article","og_title":"Pol\u00edtica de Cookies - Luxometer","og_description":"POL\u00cdTICA DE COOKIES Aquesta p\u00e0gina web\u00a0info@luxometer.com\u00a0(d&#8217;ara endavant, la \u201cWeb\u201d) \u00e9s propietat de\u00a0LUXOMETER societat constitu\u00efda i existent d&#8217;acord amb la legislaci\u00f3 espanyola, amb domicili social a Carrer Ali Bei, 22 08010 Barcelona, CIF n\u00famero B63072672. A la nostra web utilitzem cookies pr\u00f2pies que ens permeten millorar l&#8217;experi\u00e8ncia d&#8217;usuari i oferir continguts adaptats als vostres interessos gr\u00e0cies [&hellip;]","og_url":"https:\/\/luxometer.com\/ca\/politica-de-cookies\/","og_site_name":"Luxometer","article_modified_time":"2024-01-25T15:10:27+00:00","twitter_card":"summary_large_image","twitter_misc":{"Temps estimat de lectura":"3 minuts"},"schema":{"@context":"https:\/\/schema.org","@graph":[{"@type":"WebPage","@id":"https:\/\/luxometer.com\/ca\/politica-de-cookies\/","url":"https:\/\/luxometer.com\/ca\/politica-de-cookies\/","name":"Pol\u00edtica de Cookies - Luxometer","isPartOf":{"@id":"https:\/\/luxometer.com\/ca\/#website"},"datePublished":"2023-11-02T10:12:25+00:00","dateModified":"2024-01-25T15:10:27+00:00","breadcrumb":{"@id":"https:\/\/luxometer.com\/ca\/politica-de-cookies\/#breadcrumb"},"inLanguage":"ca","potentialAction":[{"@type":"ReadAction","target":["https:\/\/luxometer.com\/ca\/politica-de-cookies\/"]}]},{"@type":"BreadcrumbList","@id":"https:\/\/luxometer.com\/ca\/politica-de-cookies\/#breadcrumb","itemListElement":[{"@type":"ListItem","position":1,"name":"Portada","item":"https:\/\/luxometer.com\/ca\/home\/"},{"@type":"ListItem","position":2,"name":"Pol\u00edtica de Cookies"}]},{"@type":"WebSite","@id":"https:\/\/luxometer.com\/ca\/#website","url":"https:\/\/luxometer.com\/ca\/","name":"Luxometer","description":"","potentialAction":[{"@type":"SearchAction","target":{"@type":"EntryPoint","urlTemplate":"https:\/\/luxometer.com\/ca\/?s={search_term_string}"},"query-input":{"@type":"PropertyValueSpecification","valueRequired":true,"valueName":"search_term_string"}}],"inLanguage":"ca"}]}},"_links":{"self":[{"href":"https:\/\/luxometer.com\/ca\/wp-json\/wp\/v2\/pages\/280","targetHints":{"allow":["GET"]}}],"collection":[{"href":"https:\/\/luxometer.com\/ca\/wp-json\/wp\/v2\/pages"}],"about":[{"href":"https:\/\/luxometer.com\/ca\/wp-json\/wp\/v2\/types\/page"}],"author":[{"embeddable":true,"href":"https:\/\/luxometer.com\/ca\/wp-json\/wp\/v2\/users\/1"}],"replies":[{"embeddable":true,"href":"https:\/\/luxometer.com\/ca\/wp-json\/wp\/v2\/comments?post=280"}],"version-history":[{"count":2,"href":"https:\/\/luxometer.com\/ca\/wp-json\/wp\/v2\/pages\/280\/revisions"}],"predecessor-version":[{"id":314,"href":"https:\/\/luxometer.com\/ca\/wp-json\/wp\/v2\/pages\/280\/revisions\/314"}],"wp:attachment":[{"href":"https:\/\/luxometer.com\/ca\/wp-json\/wp\/v2\/media?parent=280"}],"curies":[{"name":"wp","href":"https:\/\/api.w.org\/{rel}","templated":true}]}}