{"id":283,"date":"2023-11-02T10:10:11","date_gmt":"2023-11-02T10:10:11","guid":{"rendered":"https:\/\/luxometer.com\/nosotros\/"},"modified":"2024-01-25T15:08:30","modified_gmt":"2024-01-25T15:08:30","slug":"nosaltres","status":"publish","type":"page","link":"https:\/\/luxometer.com\/ca\/nosaltres\/","title":{"rendered":"Nosaltres"},"content":{"rendered":"<div class='flex_column_table av-1kyis-873c59672fbe45346e40ae8f3b444738 sc-av_one_half av-equal-height-column-flextable'><div  class='flex_column av-1kyis-873c59672fbe45346e40ae8f3b444738 av_one_half  avia-builder-el-0  el_before_av_one_half  avia-builder-el-first  first flex_column_table_cell av-equal-height-column av-align-middle  '     ><p>\n<style type=\"text\/css\" data-created_by=\"avia_inline_auto\" id=\"style-css-av-lozqrl7r-f0e74cb8a7212e74ce5b3348391ad3c3\">\n#top .av-special-heading.av-lozqrl7r-f0e74cb8a7212e74ce5b3348391ad3c3{\npadding-bottom:10px;\n}\nbody .av-special-heading.av-lozqrl7r-f0e74cb8a7212e74ce5b3348391ad3c3 .av-special-heading-tag .heading-char{\nfont-size:25px;\n}\n.av-special-heading.av-lozqrl7r-f0e74cb8a7212e74ce5b3348391ad3c3 .av-subheading{\nfont-size:15px;\n}\n<\/style>\n<div  class='av-special-heading av-lozqrl7r-f0e74cb8a7212e74ce5b3348391ad3c3 av-special-heading-h2 blockquote modern-quote  avia-builder-el-1  el_before_av_textblock  avia-builder-el-first '><h2 class='av-special-heading-tag '  itemprop=\"headline\"  >Nosaltres<\/h2><div class=\"special-heading-border\"><div class=\"special-heading-inner-border\"><\/div><\/div><\/div><br \/>\n<section  class='av_textblock_section av-lozqs5kx-b4ab0aca5688e65ab95f64f56a991424 '   itemscope=\"itemscope\" itemtype=\"https:\/\/schema.org\/CreativeWork\" ><div class='avia_textblock'  itemprop=\"text\" ><p><strong>Luxometer<\/strong> \u00e9s una empresa <strong>distribu\u00efdora de productes d&#8217;il\u00b7luminaci\u00f3 creada el 2008<\/strong>, a Barcelona, amb l&#8217;objectiu de portar a tot el territori espanyol, andorr\u00e0, portugu\u00e8s i nord-afric\u00e0 productes d&#8217;il\u00b7luminaci\u00f3 de qualitat que es puguin integrar en diferents tipus d&#8217;espai.<\/p>\n<p>Amb un equip <strong>multidisciplinar<\/strong> format per professionals de la il\u00b7luminaci\u00f3, del disseny i de la log\u00edstica, oferim als nostres distribu\u00efdors un assessorament lum\u00ednic de qualitat, un suport t\u00e8cnic eficient i una gesti\u00f3 dels transports efica\u00e7.<\/p>\n<div id=\"gtx-trans\" style=\"position: absolute; left: 196px; top: 59.1875px;\">\n<div class=\"gtx-trans-icon\"><\/div>\n<\/div>\n<\/div><\/section><\/p><\/div><div class='av-flex-placeholder'><\/div><div  class='flex_column av-tm6o-9a47b50104402163a3b6bc2d296d6ae8 av_one_half  avia-builder-el-3  el_after_av_one_half  el_before_av_section  avia-builder-el-last  flex_column_table_cell av-equal-height-column av-align-middle  '     ><div  class='avia-slideshow av-lr9gbnov-e42109d161c73d5447cf30e58eddc2a1 avia-slideshow-portfolio av_slideshow avia-fade-slider  avia-builder-el-4  avia-builder-el-no-sibling  av-slideshow-ui av-control-default av-no-slider-navigation av-slideshow-autoplay av-loop-endless av-loop-manual-endless av-default-height-applied avia-slideshow-1' data-slideshow-options=\"{&quot;animation&quot;:&quot;fade&quot;,&quot;autoplay&quot;:true,&quot;loop_autoplay&quot;:&quot;endless&quot;,&quot;interval&quot;:3,&quot;loop_manual&quot;:&quot;manual-endless&quot;,&quot;autoplay_stopper&quot;:false,&quot;noNavigation&quot;:false,&quot;bg_slider&quot;:false,&quot;keep_padding&quot;:false,&quot;hoverpause&quot;:false,&quot;show_slide_delay&quot;:0}\"  itemprop=\"image\" itemscope=\"itemscope\" itemtype=\"https:\/\/schema.org\/ImageObject\" ><ul class='avia-slideshow-inner ' style='padding-bottom: 80.808080808081%;'><li  class='avia-slideshow-slide av-lr9gbnov-e42109d161c73d5447cf30e58eddc2a1__0  slide-1 slide-odd'><div data-rel='slideshow-1' class='avia-slide-wrap '   ><img decoding=\"async\" fetchpriority=\"high\" class=\"wp-image-158 avia-img-lazy-loading-not-158\"  src=\"https:\/\/luxometer.com\/wp-content\/uploads\/2023\/11\/pexels-valeria-boltneva-1123262-495x400.jpg\" width=\"495\" height=\"400\" title='pexels-valeria-boltneva-1123262' alt=''  itemprop=\"thumbnailUrl\" srcset=\"https:\/\/luxometer.com\/wp-content\/uploads\/2023\/11\/pexels-valeria-boltneva-1123262-495x400.jpg 495w, https:\/\/luxometer.com\/wp-content\/uploads\/2023\/11\/pexels-valeria-boltneva-1123262-845x684.jpg 845w\" sizes=\"(max-width: 495px) 100vw, 495px\" \/><\/div><\/li><li  class='avia-slideshow-slide av-lr9gbnov-e42109d161c73d5447cf30e58eddc2a1__1  slide-2 slide-even'><div data-rel='slideshow-1' class='avia-slide-wrap '   ><img decoding=\"async\" fetchpriority=\"high\" class=\"wp-image-154 avia-img-lazy-loading-not-154\"  src=\"https:\/\/luxometer.com\/wp-content\/uploads\/2023\/11\/pexels-isaw-company-945688-495x400.jpg\" width=\"495\" height=\"400\" title='pexels-isaw-company-945688' alt=''  itemprop=\"thumbnailUrl\" srcset=\"https:\/\/luxometer.com\/wp-content\/uploads\/2023\/11\/pexels-isaw-company-945688-495x400.jpg 495w, https:\/\/luxometer.com\/wp-content\/uploads\/2023\/11\/pexels-isaw-company-945688-845x684.jpg 845w\" sizes=\"(max-width: 495px) 100vw, 495px\" \/><\/div><\/li><li  class='avia-slideshow-slide av-lr9gbnov-e42109d161c73d5447cf30e58eddc2a1__2  slide-3 slide-odd'><div data-rel='slideshow-1' class='avia-slide-wrap '   ><img decoding=\"async\" fetchpriority=\"high\" class=\"wp-image-143 avia-img-lazy-loading-not-143\"  src=\"https:\/\/luxometer.com\/wp-content\/uploads\/2023\/11\/lampada-a-sospensione-in-ceramica-globo-di-aldo-bernardi-15-495x400.jpg\" width=\"495\" height=\"400\" title='lampada-a-sospensione-in-ceramica-globo-di-aldo-bernardi-15' alt=''  itemprop=\"thumbnailUrl\" srcset=\"https:\/\/luxometer.com\/wp-content\/uploads\/2023\/11\/lampada-a-sospensione-in-ceramica-globo-di-aldo-bernardi-15-495x400.jpg 495w, https:\/\/luxometer.com\/wp-content\/uploads\/2023\/11\/lampada-a-sospensione-in-ceramica-globo-di-aldo-bernardi-15-845x684.jpg 845w\" sizes=\"(max-width: 495px) 100vw, 495px\" \/><\/div><\/li><li  class='avia-slideshow-slide av-lr9gbnov-e42109d161c73d5447cf30e58eddc2a1__3  slide-4 slide-even'><div data-rel='slideshow-1' class='avia-slide-wrap '   ><img decoding=\"async\" fetchpriority=\"high\" class=\"wp-image-190 avia-img-lazy-loading-not-190\"  src=\"https:\/\/luxometer.com\/wp-content\/uploads\/2023\/11\/b_MATERIA-Lampada-a-sospensione-Aldo-Bernardi-403272-relb6d06e9e-495x400.webp\" width=\"495\" height=\"400\" title='b_MATERIA-Lampada-a-sospensione-Aldo-Bernardi-403272-relb6d06e9e' alt=''  itemprop=\"thumbnailUrl\"   \/><\/div><\/li><li  class='avia-slideshow-slide av-lr9gbnov-e42109d161c73d5447cf30e58eddc2a1__4  slide-5 slide-odd'><div data-rel='slideshow-1' class='avia-slide-wrap '   ><img decoding=\"async\" fetchpriority=\"high\" class=\"wp-image-196 avia-img-lazy-loading-not-196\"  src=\"https:\/\/luxometer.com\/wp-content\/uploads\/2023\/11\/knikerboker-gi-gi-designer-led-tischleuchte.jpg\" width=\"353\" height=\"353\" title='knikerboker-gi-gi-designer-led-tischleuchte' alt=''  itemprop=\"thumbnailUrl\" srcset=\"https:\/\/luxometer.com\/wp-content\/uploads\/2023\/11\/knikerboker-gi-gi-designer-led-tischleuchte.jpg 353w, https:\/\/luxometer.com\/wp-content\/uploads\/2023\/11\/knikerboker-gi-gi-designer-led-tischleuchte-300x300.jpg 300w, https:\/\/luxometer.com\/wp-content\/uploads\/2023\/11\/knikerboker-gi-gi-designer-led-tischleuchte-80x80.jpg 80w, https:\/\/luxometer.com\/wp-content\/uploads\/2023\/11\/knikerboker-gi-gi-designer-led-tischleuchte-36x36.jpg 36w, https:\/\/luxometer.com\/wp-content\/uploads\/2023\/11\/knikerboker-gi-gi-designer-led-tischleuchte-180x180.jpg 180w\" sizes=\"(max-width: 353px) 100vw, 353px\" \/><\/div><\/li><li  class='avia-slideshow-slide av-lr9gbnov-e42109d161c73d5447cf30e58eddc2a1__5  slide-6 slide-even'><div data-rel='slideshow-1' class='avia-slide-wrap '   ><img decoding=\"async\" fetchpriority=\"high\" class=\"wp-image-216 avia-img-lazy-loading-not-216\"  src=\"https:\/\/luxometer.com\/wp-content\/uploads\/2023\/11\/brl-applique-buchi-knikerboker-495x400.jpg\" width=\"495\" height=\"400\" title='brl-applique-buchi-knikerboker' alt=''  itemprop=\"thumbnailUrl\"   \/><\/div><\/li><\/ul><div class='avia-slideshow-arrows avia-slideshow-controls' ><a href='#prev' class='prev-slide  avia-svg-icon avia-font-svg_entypo-fontello' data-av_svg_icon='left-open-big' data-av_iconset='svg_entypo-fontello' tabindex='-1' title=\"Anterior\"><svg version=\"1.1\" xmlns=\"http:\/\/www.w3.org\/2000\/svg\" width=\"15\" height=\"32\" viewBox=\"0 0 15 32\" preserveAspectRatio=\"xMidYMid meet\" aria-labelledby='av-svg-title-1' aria-describedby='av-svg-desc-1' role=\"graphics-symbol\" aria-hidden=\"true\">\n<title id='av-svg-title-1'>Anterior<\/title>\n<desc id='av-svg-desc-1'>Anterior<\/desc>\n<path d=\"M14.464 27.84q0.832 0.832 0 1.536-0.832 0.832-1.536 0l-12.544-12.608q-0.768-0.768 0-1.6l12.544-12.608q0.704-0.832 1.536 0 0.832 0.704 0 1.536l-11.456 11.904z\"><\/path>\n<\/svg><span class='avia_hidden_link_text'>Anterior<\/span><\/a><a href='#next' class='next-slide  avia-svg-icon avia-font-svg_entypo-fontello' data-av_svg_icon='right-open-big' data-av_iconset='svg_entypo-fontello' tabindex='-1' title=\"Seg\u00fcent\"><svg version=\"1.1\" xmlns=\"http:\/\/www.w3.org\/2000\/svg\" width=\"15\" height=\"32\" viewBox=\"0 0 15 32\" preserveAspectRatio=\"xMidYMid meet\" aria-labelledby='av-svg-title-2' aria-describedby='av-svg-desc-2' role=\"graphics-symbol\" aria-hidden=\"true\">\n<title id='av-svg-title-2'>Seg\u00fcent<\/title>\n<desc id='av-svg-desc-2'>Seg\u00fcent<\/desc>\n<path d=\"M0.416 27.84l11.456-11.84-11.456-11.904q-0.832-0.832 0-1.536 0.832-0.832 1.536 0l12.544 12.608q0.768 0.832 0 1.6l-12.544 12.608q-0.704 0.832-1.536 0-0.832-0.704 0-1.536z\"><\/path>\n<\/svg><span class='avia_hidden_link_text'>Seg\u00fcent<\/span><\/a><\/div><\/div><\/div><\/div><!--close column table wrapper. Autoclose: 1 --><\/p>\n<\/div><\/div><\/div><!-- close content main div --><\/div><\/div>\n<style type=\"text\/css\" data-created_by=\"avia_inline_auto\" id=\"style-css-av-lozte2kb-7b7dca58300ec1d9cf64a0eceb0d8fa5\">\n.avia-section.av-lozte2kb-7b7dca58300ec1d9cf64a0eceb0d8fa5{\nbackground-color:#f7f2f2;\nbackground-image:unset;\n}\n<\/style>\n<div id='av_section_1'  class='avia-section av-lozte2kb-7b7dca58300ec1d9cf64a0eceb0d8fa5 main_color avia-section-default avia-no-border-styling  avia-builder-el-5  el_after_av_one_half  avia-builder-el-last  avia-bg-style-scroll container_wrap fullsize'  ><div class='container av-section-cont-open' ><div class='template-page content  av-content-full alpha units'><div class='post-entry post-entry-type-page post-entry-283'><div class='entry-content-wrapper clearfix'>\n<div class='flex_column_table av-1erls-1a02b64f326588da6969700742ba4615 sc-av_one_half av-equal-height-column-flextable'><div  class='flex_column av-1erls-1a02b64f326588da6969700742ba4615 av_one_half  avia-builder-el-6  el_before_av_one_half  avia-builder-el-first  first flex_column_table_cell av-equal-height-column av-align-middle  '     ><style type=\"text\/css\" data-created_by=\"avia_inline_auto\" id=\"style-css-av-lozr50ub-97d634556473b080a2a034c283d5919f\">\n.avia-image-container.av-lozr50ub-97d634556473b080a2a034c283d5919f img.avia_image{\nbox-shadow:none;\n}\n.avia-image-container.av-lozr50ub-97d634556473b080a2a034c283d5919f .av-image-caption-overlay-center{\ncolor:#ffffff;\n}\n<\/style>\n<div  class='avia-image-container av-lozr50ub-97d634556473b080a2a034c283d5919f av-styling- avia-align-center  avia-builder-el-7  avia-builder-el-no-sibling '   itemprop=\"image\" itemscope=\"itemscope\" itemtype=\"https:\/\/schema.org\/ImageObject\" ><div class=\"avia-image-container-inner\"><div class=\"avia-image-overlay-wrap\"><img decoding=\"async\" fetchpriority=\"high\" class='wp-image-165 avia-img-lazy-loading-not-165 avia_image ' src=\"https:\/\/luxometer.com\/wp-content\/uploads\/2023\/11\/Chapeau_1-scaled-1.jpg\" alt='' title='Chapeau_1-scaled'  height=\"1919\" width=\"2560\"  itemprop=\"thumbnailUrl\" srcset=\"https:\/\/luxometer.com\/wp-content\/uploads\/2023\/11\/Chapeau_1-scaled-1.jpg 2560w, https:\/\/luxometer.com\/wp-content\/uploads\/2023\/11\/Chapeau_1-scaled-1-300x225.jpg 300w, https:\/\/luxometer.com\/wp-content\/uploads\/2023\/11\/Chapeau_1-scaled-1-1030x772.jpg 1030w, https:\/\/luxometer.com\/wp-content\/uploads\/2023\/11\/Chapeau_1-scaled-1-768x576.jpg 768w, https:\/\/luxometer.com\/wp-content\/uploads\/2023\/11\/Chapeau_1-scaled-1-1536x1151.jpg 1536w, https:\/\/luxometer.com\/wp-content\/uploads\/2023\/11\/Chapeau_1-scaled-1-2048x1535.jpg 2048w, https:\/\/luxometer.com\/wp-content\/uploads\/2023\/11\/Chapeau_1-scaled-1-1500x1124.jpg 1500w, https:\/\/luxometer.com\/wp-content\/uploads\/2023\/11\/Chapeau_1-scaled-1-705x528.jpg 705w\" sizes=\"(max-width: 2560px) 100vw, 2560px\" \/><\/div><\/div><\/div><\/div><div class='av-flex-placeholder'><\/div><div  class='flex_column av-r8gk-e11352b92ac12a6ba1714e0cc42e3fef av_one_half  avia-builder-el-8  el_after_av_one_half  avia-builder-el-last  flex_column_table_cell av-equal-height-column av-align-middle  '     ><p>\n<style type=\"text\/css\" data-created_by=\"avia_inline_auto\" id=\"style-css-av-lozr1gvg-464e623ef6f5e371b0e7be6f5276748a\">\n#top .av-special-heading.av-lozr1gvg-464e623ef6f5e371b0e7be6f5276748a{\npadding-bottom:10px;\n}\nbody .av-special-heading.av-lozr1gvg-464e623ef6f5e371b0e7be6f5276748a .av-special-heading-tag .heading-char{\nfont-size:25px;\n}\n.av-special-heading.av-lozr1gvg-464e623ef6f5e371b0e7be6f5276748a .av-subheading{\nfont-size:15px;\n}\n<\/style>\n<div  class='av-special-heading av-lozr1gvg-464e623ef6f5e371b0e7be6f5276748a av-special-heading-h2 blockquote modern-quote  avia-builder-el-9  el_before_av_textblock  avia-builder-el-first '><h2 class='av-special-heading-tag '  itemprop=\"headline\"  >Filosofia<\/h2><div class=\"special-heading-border\"><div class=\"special-heading-inner-border\"><\/div><\/div><\/div><br \/>\n<section  class='av_textblock_section av-lozr2o6b-558b3f5893425962dafbed95ac206e56 '   itemscope=\"itemscope\" itemtype=\"https:\/\/schema.org\/CreativeWork\" ><div class='avia_textblock'  itemprop=\"text\" ><p><strong>Creiem en els productes que distribu\u00efm<\/strong>. Seleccionem les marques amb qu\u00e8 treballem rigorosament, buscant un denominador com\u00fa d&#8217;excel\u00b7l\u00e8ncia en qualitat i disseny \u2013t\u00e8cnic o est\u00e8tic\u2013, per\u00f2 assegurant-nos que cadascuna t\u00e9 el seu propi car\u00e0cter i unes caracter\u00edstiques diferenciadores que s&#8217;adapten a les teves necessitats \u2013<strong>disseny, efici\u00e8ncia, tecnologia, aplicaci\u00f3, i\u00a0tamb\u00e9 en preu, etc.<\/strong> \u2013.<\/p>\n<p><strong>Punts de venda de confian\u00e7a.<\/strong> La nostra xarxa de distribuci\u00f3 est\u00e0 formada per punts de venda \u2013showrooms d&#8217;il\u00b7luminaci\u00f3 o botigues de mobiliari\u2013 a les principals ciutats dels territoris on distribu\u00efm els nostres productes: Espanya, Andorra, Portugal i Nord d&#8217;\u00c0frica.<\/p>\n<div id=\"gtx-trans\" style=\"position: absolute; left: -81px; top: 83.1875px;\">\n<div class=\"gtx-trans-icon\"><\/div>\n<\/div>\n<\/div><\/section><\/p><\/div><\/div><!--close column table wrapper. Autoclose: 1 -->\n","protected":false},"excerpt":{"rendered":"","protected":false},"author":1,"featured_media":0,"parent":0,"menu_order":0,"comment_status":"closed","ping_status":"closed","template":"","meta":{"footnotes":""},"class_list":["post-283","page","type-page","status-publish","hentry"],"yoast_head":"<!-- This site is optimized with the Yoast SEO plugin v27.3 - https:\/\/yoast.com\/product\/yoast-seo-wordpress\/ -->\n<title>Nosaltres - Luxometer<\/title>\n<meta name=\"description\" content=\"Descobreix a Luxometer el nostre comprom\u00eds amb la qualitat lum\u00ednica. Assessorament expert en il\u00b7luminaci\u00f3 per transformar els espais.\" \/>\n<meta name=\"robots\" content=\"index, follow, max-snippet:-1, max-image-preview:large, max-video-preview:-1\" \/>\n<link rel=\"canonical\" href=\"https:\/\/luxometer.com\/ca\/nosaltres\/\" \/>\n<meta property=\"og:locale\" content=\"ca_ES\" \/>\n<meta property=\"og:type\" content=\"article\" \/>\n<meta property=\"og:title\" content=\"Nosaltres - Luxometer\" \/>\n<meta property=\"og:description\" content=\"Descobreix a Luxometer el nostre comprom\u00eds amb la qualitat lum\u00ednica. Assessorament expert en il\u00b7luminaci\u00f3 per transformar els espais.\" \/>\n<meta property=\"og:url\" content=\"https:\/\/luxometer.com\/ca\/nosaltres\/\" \/>\n<meta property=\"og:site_name\" content=\"Luxometer\" \/>\n<meta property=\"article:modified_time\" content=\"2024-01-25T15:08:30+00:00\" \/>\n<meta name=\"twitter:card\" content=\"summary_large_image\" \/>\n<meta name=\"twitter:label1\" content=\"Temps estimat de lectura\" \/>\n\t<meta name=\"twitter:data1\" content=\"3 minuts\" \/>\n<script type=\"application\/ld+json\" class=\"yoast-schema-graph\">{\"@context\":\"https:\\\/\\\/schema.org\",\"@graph\":[{\"@type\":\"WebPage\",\"@id\":\"https:\\\/\\\/luxometer.com\\\/ca\\\/nosaltres\\\/\",\"url\":\"https:\\\/\\\/luxometer.com\\\/ca\\\/nosaltres\\\/\",\"name\":\"Nosaltres - Luxometer\",\"isPartOf\":{\"@id\":\"https:\\\/\\\/luxometer.com\\\/ca\\\/#website\"},\"datePublished\":\"2023-11-02T10:10:11+00:00\",\"dateModified\":\"2024-01-25T15:08:30+00:00\",\"description\":\"Descobreix a Luxometer el nostre comprom\u00eds amb la qualitat lum\u00ednica. Assessorament expert en il\u00b7luminaci\u00f3 per transformar els espais.\",\"breadcrumb\":{\"@id\":\"https:\\\/\\\/luxometer.com\\\/ca\\\/nosaltres\\\/#breadcrumb\"},\"inLanguage\":\"ca\",\"potentialAction\":[{\"@type\":\"ReadAction\",\"target\":[\"https:\\\/\\\/luxometer.com\\\/ca\\\/nosaltres\\\/\"]}]},{\"@type\":\"BreadcrumbList\",\"@id\":\"https:\\\/\\\/luxometer.com\\\/ca\\\/nosaltres\\\/#breadcrumb\",\"itemListElement\":[{\"@type\":\"ListItem\",\"position\":1,\"name\":\"Portada\",\"item\":\"https:\\\/\\\/luxometer.com\\\/ca\\\/home\\\/\"},{\"@type\":\"ListItem\",\"position\":2,\"name\":\"Nosaltres\"}]},{\"@type\":\"WebSite\",\"@id\":\"https:\\\/\\\/luxometer.com\\\/ca\\\/#website\",\"url\":\"https:\\\/\\\/luxometer.com\\\/ca\\\/\",\"name\":\"Luxometer\",\"description\":\"\",\"potentialAction\":[{\"@type\":\"SearchAction\",\"target\":{\"@type\":\"EntryPoint\",\"urlTemplate\":\"https:\\\/\\\/luxometer.com\\\/ca\\\/?s={search_term_string}\"},\"query-input\":{\"@type\":\"PropertyValueSpecification\",\"valueRequired\":true,\"valueName\":\"search_term_string\"}}],\"inLanguage\":\"ca\"}]}<\/script>\n<!-- \/ Yoast SEO plugin. -->","yoast_head_json":{"title":"Nosaltres - Luxometer","description":"Descobreix a Luxometer el nostre comprom\u00eds amb la qualitat lum\u00ednica. Assessorament expert en il\u00b7luminaci\u00f3 per transformar els espais.","robots":{"index":"index","follow":"follow","max-snippet":"max-snippet:-1","max-image-preview":"max-image-preview:large","max-video-preview":"max-video-preview:-1"},"canonical":"https:\/\/luxometer.com\/ca\/nosaltres\/","og_locale":"ca_ES","og_type":"article","og_title":"Nosaltres - Luxometer","og_description":"Descobreix a Luxometer el nostre comprom\u00eds amb la qualitat lum\u00ednica. Assessorament expert en il\u00b7luminaci\u00f3 per transformar els espais.","og_url":"https:\/\/luxometer.com\/ca\/nosaltres\/","og_site_name":"Luxometer","article_modified_time":"2024-01-25T15:08:30+00:00","twitter_card":"summary_large_image","twitter_misc":{"Temps estimat de lectura":"3 minuts"},"schema":{"@context":"https:\/\/schema.org","@graph":[{"@type":"WebPage","@id":"https:\/\/luxometer.com\/ca\/nosaltres\/","url":"https:\/\/luxometer.com\/ca\/nosaltres\/","name":"Nosaltres - Luxometer","isPartOf":{"@id":"https:\/\/luxometer.com\/ca\/#website"},"datePublished":"2023-11-02T10:10:11+00:00","dateModified":"2024-01-25T15:08:30+00:00","description":"Descobreix a Luxometer el nostre comprom\u00eds amb la qualitat lum\u00ednica. Assessorament expert en il\u00b7luminaci\u00f3 per transformar els espais.","breadcrumb":{"@id":"https:\/\/luxometer.com\/ca\/nosaltres\/#breadcrumb"},"inLanguage":"ca","potentialAction":[{"@type":"ReadAction","target":["https:\/\/luxometer.com\/ca\/nosaltres\/"]}]},{"@type":"BreadcrumbList","@id":"https:\/\/luxometer.com\/ca\/nosaltres\/#breadcrumb","itemListElement":[{"@type":"ListItem","position":1,"name":"Portada","item":"https:\/\/luxometer.com\/ca\/home\/"},{"@type":"ListItem","position":2,"name":"Nosaltres"}]},{"@type":"WebSite","@id":"https:\/\/luxometer.com\/ca\/#website","url":"https:\/\/luxometer.com\/ca\/","name":"Luxometer","description":"","potentialAction":[{"@type":"SearchAction","target":{"@type":"EntryPoint","urlTemplate":"https:\/\/luxometer.com\/ca\/?s={search_term_string}"},"query-input":{"@type":"PropertyValueSpecification","valueRequired":true,"valueName":"search_term_string"}}],"inLanguage":"ca"}]}},"_links":{"self":[{"href":"https:\/\/luxometer.com\/ca\/wp-json\/wp\/v2\/pages\/283","targetHints":{"allow":["GET"]}}],"collection":[{"href":"https:\/\/luxometer.com\/ca\/wp-json\/wp\/v2\/pages"}],"about":[{"href":"https:\/\/luxometer.com\/ca\/wp-json\/wp\/v2\/types\/page"}],"author":[{"embeddable":true,"href":"https:\/\/luxometer.com\/ca\/wp-json\/wp\/v2\/users\/1"}],"replies":[{"embeddable":true,"href":"https:\/\/luxometer.com\/ca\/wp-json\/wp\/v2\/comments?post=283"}],"version-history":[{"count":1,"href":"https:\/\/luxometer.com\/ca\/wp-json\/wp\/v2\/pages\/283\/revisions"}],"predecessor-version":[{"id":284,"href":"https:\/\/luxometer.com\/ca\/wp-json\/wp\/v2\/pages\/283\/revisions\/284"}],"wp:attachment":[{"href":"https:\/\/luxometer.com\/ca\/wp-json\/wp\/v2\/media?parent=283"}],"curies":[{"name":"wp","href":"https:\/\/api.w.org\/{rel}","templated":true}]}}