{"id":285,"date":"2023-10-31T11:24:58","date_gmt":"2023-10-31T11:24:58","guid":{"rendered":"https:\/\/luxometer.com\/?page_id=285"},"modified":"2024-01-24T19:56:29","modified_gmt":"2024-01-24T19:56:29","slug":"politica-de-privadesa","status":"publish","type":"page","link":"https:\/\/luxometer.com\/ca\/politica-de-privadesa\/","title":{"rendered":"Pol\u00edtica de Privadesa"},"content":{"rendered":"\r\n<h2 class=\"wp-block-heading\" style=\"text-align: center;\">POL\u00cdTICA DE PRIVACITAT<\/h2>\r\n<p><strong>INTRODUCCI\u00d3<\/strong><\/p>\r\n<p>La seva privadesa \u00e9s important per a nosaltres, aix\u00ed que, mitjan\u00e7ant aquest document, us expliquem quines dades recollim dels usuaris, com les utilitzem i per a qu\u00e8, entre altres indicacions.<\/p>\r\n<p>Per a la vostra informaci\u00f3, mai demanarem m\u00e9s informaci\u00f3 de la que realment necessitarem per als serveis requerits; mai no la compartirem amb tercers, excepte per obligaci\u00f3 legal o amb la seva autoritzaci\u00f3 pr\u00e8via; i mai no utilitzarem les seves dades per a una altra finalitat no indicada pr\u00e8viament.<\/p>\r\n<p>Com a usuaris, haur\u00e0 de llegir atentament aquesta Pol\u00edtica de privadesa de manera regular, i sempre que introdu\u00efu les vostres dades personals, ja que aquest document pot patir modificacions ja que el prestador pot modificar qualsevol tipus d&#8217;informaci\u00f3 que pogu\u00e9s apar\u00e8ixer a la web per complir amb la normativa o actualitzar la pol\u00edtica, i sense que hi hagi l&#8217;obligaci\u00f3 de preavisar o posar en coneixement dels usuaris aquestes obligacions, i \u00e9s suficient la publicaci\u00f3 al lloc web del prestador.<\/p>\r\n<p><strong>EMPRESES A LES QUALS S&#8217;APLICA LA PRESENT POL\u00cdTICA DE PRIVACITAT<\/strong><\/p>\r\n<p>Per donar compliment a l&#8217;article 10 de la Llei 34\/2002 de Serveis de la Societat de la Informaci\u00f3 i del Comer\u00e7 Electr\u00f2nic, informem els usuaris de les nostres dades:<\/p>\r\n<p><strong>Titular<\/strong>:\u00a0LUXOMETER<br \/><strong>CIF<\/strong>:B63072672<br \/><strong>Adre\u00e7a<\/strong>:Carrer Ali Bei, 22\u00a008010 Barcelona<br \/><strong>Tel\u00e8fon<\/strong>: Tel. 93 528 54 34<br \/><strong>Correu electr\u00f2nic:<\/strong> info@luxometer.com<br \/><strong>Dades registrals. Inscrita a:<\/strong> Reg.Mercantil Barcelona. Tom 35358,Foli 214,Full n\u00fam. B264914.Inscrip.1a<\/p>\r\n<p><strong>LUXOMETER<\/strong> , com a responsable del lloc web, de conformitat amb el que disposa el Reglament (UE) 2016\/679 de 27 d&#8217;abril de 2016 (RGPD) relatiu a la protecci\u00f3 de les persones f\u00edsiques pel que fa al tractament de dades personals ia la lliure circulaci\u00f3 d&#8217;aquestes dades i la resta de normativa vigent en mat\u00e8ria de protecci\u00f3 de dades personals, i per la Llei 34\/2002, d&#8217;11 de juliol, de Serveis de la Societat de la Informaci\u00f3 i del Comer\u00e7 Electr\u00f2nic (LSSICE), us informa que t\u00e9 implementades les mesures de seguretat necess\u00e0ries, d&#8217;\u00edndole t\u00e8cnica i organitzatives, per garantir i protegir la confidencialitat, integritat i disponibilitat de les dades introdu\u00efdes.<\/p>\r\n<p>M\u00c8TODE D&#8217;OBTENCI\u00d3 DE LES DADES i DADES QUE RECAPTEM: Les dades que recollim i com les obtenim \u00e9s la seg\u00fcent:<\/p>\r\n<p><strong>Formulari de contacte:<\/strong><\/p>\r\n<ul>\r\n<li>Dades requerides: nom, email, edat, tel\u00e8fon,<\/li>\r\n<li>Finalitat: per respondre a les consultes i\/o proporcionar informacions requerides per l&#8217;Usuari<\/li>\r\n<li>Legitimaci\u00f3: consentiment de l&#8217;usuari<\/li>\r\n<\/ul>\r\n<p>2. Dur a terme la relaci\u00f3 contractual i les gestions administratives, fiscals i comptables an\u00e0logues i que siguin necess\u00e0ries virtut de la legislaci\u00f3 vigent Dades requerides:<\/p>\r\n<ul>\r\n<li>nom i cognoms, tel\u00e8fon, adre\u00e7a, DNI, email, signatura<\/li>\r\n<li>Finalitat: dur a terme la gesti\u00f3 comercial fiscal i administrativa interna<\/li>\r\n<li>Legitimaci\u00f3: Consentiment de l&#8217;interessat i relaci\u00f3 contractual<\/li>\r\n<\/ul>\r\n<p>Podeu revocar en qualsevol moment el vostre consentiment remetent un escrit amb l&#8217;assumpte \u00abBaixa\u00bb al mail ressenyat.<\/p>\r\n<p>D&#8217;acord amb la LSSICE, <strong>LUXOMETER<\/strong> no realitza pr\u00e0ctiques de SPAM, per tant, no envia correus comercials per correu electr\u00f2nic que no hagin estat pr\u00e8viament sol\u00b7licitats o autoritzats per l&#8217;Usuari. En conseq\u00fc\u00e8ncia, a totes les comunicacions que rebr\u00e0 del prestador, l&#8217;usuari t\u00e9 la possibilitat de cancel\u00b7lar el seu consentiment expr\u00e9s per rebre les nostres comunicacions. No tractarem les vostres dades personals per a cap altre fi de les descrites excepte per obligaci\u00f3 legal o requeriment judicial. No ser\u00e0 objecte de decisions basades en tractaments automatitzats que produeixin efectes sobre les vostres dades.<\/p>\r\n<p><strong>TERMINI DE CONSERVACI\u00d3 DE LES DADES:<\/strong><\/p>\r\n<p>Les vostres dades es conservaran mentre duri la relaci\u00f3 comercial amb nosaltres o exerceix el vostre dret de cancel\u00b7laci\u00f3 o oposici\u00f3, o limitaci\u00f3 al tractament. No obstant aix\u00f2, conservarem les vostres dades en els terminis legalment previstos en les disposicions aplicables.<\/p>\r\n<p><strong>DESTINATARIS DE CESSIONS O TRANSFER\u00c8NCIES:<\/strong><\/p>\r\n<p><strong>LUXOMETER<\/strong> podr\u00e0 contractar determinats serveis la prestaci\u00f3 dels quals la realitzaran terceres empreses (encarregats del tractament) a les quals se&#8217;ls comunicaran les dades. Amb totes aquestes empreses se signa el corresponent contracte d&#8217;encarregat de tractament per garantir que l&#8217;\u00fas de les dades personals a qu\u00e8 donem acc\u00e9s per a la prestaci\u00f3 del servei es realitzi d&#8217;acord amb la legislaci\u00f3 vigent en mat\u00e8ria de protecci\u00f3 de dades.<\/p>\r\n<p>Es podran cedir les vostres dades entre les empreses de <strong>LUXOMETER<\/strong> i les forces i cossos de seguretat sota ordre judicial o per obligaci\u00f3 d&#8217;una norma legal, sense perjudici de poder bloquejar o cancel\u00b7lar el vostre compte si hi pot haver indicis de la comissi\u00f3 d&#8217;algun delicte per part del usuari.<\/p>\r\n<p>La informaci\u00f3 facilitada ser\u00e0 nom\u00e9s la que disposi en aquell moment el prestador. La informaci\u00f3 que ens proporcioneu a trav\u00e9s d&#8217;aquest lloc web ser\u00e0 allotjada als servidors de <strong>LUXOMETER<\/strong> contractats a l&#8217;empresa que presta el servei d&#8217;allotjament de la web. El tractament de les dades de l&#8217;entitat est\u00e0 regulat mitjan\u00e7ant un contracte d&#8217;encarregat del tractament entre el prestador i aquesta empresa. Aix\u00ed mateix, el prestador utilitza determinades eines per prestar serveis necessaris per al desenvolupament de lactivitat, podent emmagatzemar les seves dades. Aquestes eines s\u00f3n les seg\u00fcents:<\/p>\r\n<p><strong>Plataformes de mailing:<\/strong><\/p>\r\n<p>Mailchimp: The Rocket Science Group, LLC, 675 Pon\u00e7 de Leon Ave NE, Suite 5000, Atlanta, GA 30308 USA. ZOHO: Data Protection Officer, Zoho Corporation BV, Beneluxlaan 4B, 3527 HT Utrecht, The Netherlands.<\/p>\r\n<p><strong>DRETS DE LES PERSONES INTERESSADES:<\/strong> Com a usuari-interessat, podeu sol\u00b7licitar l&#8217;exercici dels seg\u00fcents drets davant de <strong>LUXOMETER<\/strong> presentant un escrit a l&#8217;adre\u00e7a postal de l&#8217;encap\u00e7alament o enviant un correu electr\u00f2nic a <strong>LUXOMETER<\/strong> indicant com a Assumpte: \u00abPROTECCI\u00d3 DE DADES: DRETS DELS AFECTATS\u201d. Drets:<\/p>\r\n<ul>\r\n<li>Dret d&#8217;acc\u00e9s: permet a l&#8217;interessat con\u00e8ixer i obtenir informaci\u00f3 sobre les vostres dades de car\u00e0cter personal sotmeses a tractament.<\/li>\r\n<li>Dret de rectificaci\u00f3 o supressi\u00f3: permet corregir errors i modificar les dades que resultin ser inexactes o incompletes.<\/li>\r\n<li>Dret de cancel\u00b7laci\u00f3: permet que se suprimeixin les dades que siguin inadequades o excessives.<\/li>\r\n<li>Dret d&#8217;oposici\u00f3: dret de l&#8217;interessat que no es dugui a terme el tractament de les vostres dades de car\u00e0cter personal o s&#8217;hi cessi.<\/li>\r\n<li>Limitaci\u00f3 del tractament: comporta el marcatge de les dades personals conservades, per tal de limitar-ne el futur tractament, per a l&#8217;exercici o la defensa de reclamacions.<\/li>\r\n<li>Portabilitat de les dades: facilitaci\u00f3 de les dades objecte de tractament a linteressat, perqu\u00e8 aquest pugui transmetre a un altre responsable, sense impediments.<\/li>\r\n<li>Dret a no ser objecte de decisions individuals automatitzades (inclosa l&#8217;elaboraci\u00f3 de perfils): dret a no ser objecte d&#8217;una decisi\u00f3 basada en el tractament automatitzat que produeixi efectes o afecti significativament<\/li>\r\n<\/ul>\r\n<p>Com a usuari, teniu dret a retirar el consentiment donat en qualsevol moment. La retirada del consentiment no afecta la licitud del tractament efectuat abans de la retirada del consentiment.<\/p>\r\n<p>Tamb\u00e9 t\u00e9 dret a presentar una reclamaci\u00f3 davant l&#8217;autoritat de control si considera que els seus drets s&#8217;han vist vulnerats en relaci\u00f3 amb la protecci\u00f3 de les seves dades (aepd.es).<\/p>\r\n<p><strong>INFORMACI\u00d3 ADDICIONAL<\/strong><\/p>\r\n<p><strong>MESURES DE SEGURETAT:<\/strong><\/p>\r\n<p>Les dades que ens faciliti es tractaran de manera confidencial. El prestador ha adoptat totes les mesures t\u00e8cniques i organitzatives i tots els nivells de protecci\u00f3 necessaris per garantir la seguretat en el tractament de les dades i evitar-ne l&#8217;alteraci\u00f3, la p\u00e8rdua, el robatori, el tractament o l&#8217;acc\u00e9s no autoritzat, d&#8217;acord amb l&#8217;estat de la tecnologia i naturalesa de les dades emmagatzemades. Aix\u00ed mateix, es garanteix tamb\u00e9 que el tractament i registre en fitxers, programes, sistemes o equips, locals i centres compleixen els requisits i les condicions d&#8217;integritat i seguretat establertes a la normativa vigent.<\/p>\r\n<p><strong>IDIOMA<\/strong><\/p>\r\n<p>L&#8217;idioma aplicable a aquesta pol\u00edtica de privadesa \u00e9s el castell\u00e0. Per tant, en cas que hi hagu\u00e9s alguna contradicci\u00f3 en alguna de les versions facilitades en altres idiomes, prevaldr\u00e0 la versi\u00f3 en catal\u00e0.<\/p>\r\n<p><strong>XARXES SOCIALS<\/strong><\/p>\r\n<p>Us informem que <strong>LUXOMETER<\/strong> pot tenir pres\u00e8ncia a xarxes socials. El tractament de les dades que es dugui a terme de les persones que es facin seguidores a les xarxes socials (i\/o realitzin qualsevol vincle o acci\u00f3 de connexi\u00f3 a trav\u00e9s de les xarxes socials) de les p\u00e0gines oficials de LUXOMETER es regir\u00e0 per aquest apartat , aix\u00ed com per a aquelles condicions d\u00fas, pol\u00edtiques de privadesa i normatives dacc\u00e9s que pertanyin a la xarxa social que procedeixi en cada cas i acceptades pr\u00e8viament per lusuari.<\/p>\r\n<p><strong>LUXOMETER<\/strong> tractar\u00e0 les vostres dades amb les finalitats d&#8217;administrar correctament la vostra pres\u00e8ncia a la xarxa social, informant d&#8217;activitats, productes o serveis del prestador, aix\u00ed com per a qualsevol altra finalitat que les normatives de les Xarxes Socials permetin.<\/p>\r\n<ul>\r\n<li>Queda prohibida la publicaci\u00f3 de continguts:<\/li>\r\n<li>Que siguin presumptament il\u00b7l\u00edcits per la normativa nacional, comunit\u00e0ria o internacional o que facin activitats presumptament il\u00b7l\u00edcites o contravinguin els principis de la bona fe.<\/li>\r\n<li>Que atemptin contra els drets fonamentals de les persones, faltin a la cortesia a la xarxa, molestin o puguin generar opinions negatives en els nostres usuaris o tercers i en general qualssevol siguin els continguts que <strong>LUXOMETER<\/strong> consideri inadequats.<\/li>\r\n<\/ul>\r\n<p>I, en general, que contravinguin els principis de legalitat, honradesa, responsabilitat, protecci\u00f3 de la dignitat humana, protecci\u00f3 de menors, protecci\u00f3 de l&#8217;ordre p\u00fablic, la protecci\u00f3 de la vida privada, la protecci\u00f3 del consumidor i els drets de propietat intel\u00b7lectual i industrial. Aix\u00ed mateix, <strong>LUXOMETER<\/strong> es reserva la potestat de retirar, sense av\u00eds previ del lloc web o de la xarxa social corporativa aquells continguts que es consideren inadequats.<\/p>\r\n<p>En tot cas, si remet informaci\u00f3 personal a trav\u00e9s de la xarxa social, <strong>LUXOMETER<\/strong> quedar\u00e0 exempt de responsabilitat en relaci\u00f3 amb les mesures de seguretat aplicables a la present plataforma i l&#8217;usuari, en cas de voler con\u00e8ixer-les, ha de consultar les corresponents condicions particulars de la xarxa en q\u00fcesti\u00f3.<\/p>\r\n<p><strong>WHATSAPP<\/strong><\/p>\r\n<p>El tractament de les dades que es duguin a terme de les persones que facin una consulta mitjan\u00e7ant WhatsApp de <strong>LUXOMETER<\/strong> es regir\u00e0 per aquest apartat, aix\u00ed com aquelles condicions d&#8217;\u00fas, pol\u00edtiques de privadesa i normatives d&#8217;acc\u00e9s que pertanyin a l&#8217;aplicaci\u00f3 que siguin procedents en cada cas i acceptades pr\u00e8viament per lusuari. <strong>LUXOMETER<\/strong> , tractar\u00e0 les vostres dades amb la finalitat d&#8217;administrar correctament la vostra consulta, aix\u00ed com qualsevol altra finalitat de la gesti\u00f3 administrativa del servei. Queda prohibit l&#8217;\u00fas del WhatsApp d&#8217;Ibersystems Solutions, SL per a l&#8217;enviament de continguts que no siguin els necessaris per a la resposta a la consulta i que siguin il\u00b7l\u00edcits per la normativa nacional o internacional que atempti contra els drets fonamentals de les persones i en general que contravinguin els principis de legalitat, honradesa, responsabilitat, protecci\u00f3 de la vida privada, la protecci\u00f3 del consumidor i els drets de propietat intel\u00b7lectual i industrial.<\/p>\r\n<p><strong>CANVIS A LA PRESENT POL\u00cdTICA DE PRIVACITAT<\/strong><\/p>\r\n<p><strong>LUXOMETER<\/strong> es reserva el dret de modificar aquesta pol\u00edtica per adaptar-la a novetats legislatives o jurisprudencials.<\/p>\r\n<p><strong>REVOCABILITAT<\/strong><\/p>\r\n<p>El consentiment prestat, tant pel tractament com per a la cessi\u00f3 de les dades dels interessats, \u00e9s revocable en qualsevol moment comunicant-ho a LUXOMETER en els termes establerts en aquesta Pol\u00edtica per a l&#8217;exercici dels drets. Aquesta revocaci\u00f3 en cap cas no t\u00e9 car\u00e0cter retroactiu.<\/p>\r\n<p><strong>LUXOMETER<\/strong><\/p>\r\n<p>Amb car\u00e0cter general les relacions entre <strong>LUXOMETER<\/strong> amb els Usuaris dels seus serveis telem\u00e0tics, presents en aquesta web, estan sotmesos a la legislaci\u00f3 i jurisdicci\u00f3 espanyola a qu\u00e8 se sotmeten expressament les parts, sent competents per a la resoluci\u00f3 de tots els conflictes derivats o relacionats amb \u00fas els Jutjats i Tribunals de Barcelona.<\/p>\r\n","protected":false},"excerpt":{"rendered":"<p>POL\u00cdTICA DE PRIVACITAT INTRODUCCI\u00d3 La seva privadesa \u00e9s important per a nosaltres, aix\u00ed que, mitjan\u00e7ant aquest document, us expliquem quines dades recollim dels usuaris, com les utilitzem i per a qu\u00e8, entre altres indicacions. Per a la vostra informaci\u00f3, mai demanarem m\u00e9s informaci\u00f3 de la que realment necessitarem per als serveis requerits; mai no la [&hellip;]<\/p>\n","protected":false},"author":1,"featured_media":0,"parent":0,"menu_order":0,"comment_status":"closed","ping_status":"closed","template":"","meta":{"footnotes":""},"class_list":["post-285","page","type-page","status-publish","hentry"],"yoast_head":"<!-- This site is optimized with the Yoast SEO plugin v27.3 - https:\/\/yoast.com\/product\/yoast-seo-wordpress\/ -->\n<title>Pol\u00edtica de Privadesa - Luxometer<\/title>\n<meta name=\"robots\" content=\"index, follow, max-snippet:-1, max-image-preview:large, max-video-preview:-1\" \/>\n<link rel=\"canonical\" href=\"https:\/\/luxometer.com\/ca\/politica-de-privadesa\/\" \/>\n<meta property=\"og:locale\" content=\"ca_ES\" \/>\n<meta property=\"og:type\" content=\"article\" \/>\n<meta property=\"og:title\" content=\"Pol\u00edtica de Privadesa - Luxometer\" \/>\n<meta property=\"og:description\" content=\"POL\u00cdTICA DE PRIVACITAT INTRODUCCI\u00d3 La seva privadesa \u00e9s important per a nosaltres, aix\u00ed que, mitjan\u00e7ant aquest document, us expliquem quines dades recollim dels usuaris, com les utilitzem i per a qu\u00e8, entre altres indicacions. Per a la vostra informaci\u00f3, mai demanarem m\u00e9s informaci\u00f3 de la que realment necessitarem per als serveis requerits; mai no la [&hellip;]\" \/>\n<meta property=\"og:url\" content=\"https:\/\/luxometer.com\/ca\/politica-de-privadesa\/\" \/>\n<meta property=\"og:site_name\" content=\"Luxometer\" \/>\n<meta property=\"article:modified_time\" content=\"2024-01-24T19:56:29+00:00\" \/>\n<meta name=\"twitter:card\" content=\"summary_large_image\" \/>\n<meta name=\"twitter:label1\" content=\"Temps estimat de lectura\" \/>\n\t<meta name=\"twitter:data1\" content=\"9 minuts\" \/>\n<script type=\"application\/ld+json\" class=\"yoast-schema-graph\">{\"@context\":\"https:\\\/\\\/schema.org\",\"@graph\":[{\"@type\":\"WebPage\",\"@id\":\"https:\\\/\\\/luxometer.com\\\/ca\\\/politica-de-privadesa\\\/\",\"url\":\"https:\\\/\\\/luxometer.com\\\/ca\\\/politica-de-privadesa\\\/\",\"name\":\"Pol\u00edtica de Privadesa - Luxometer\",\"isPartOf\":{\"@id\":\"https:\\\/\\\/luxometer.com\\\/ca\\\/#website\"},\"datePublished\":\"2023-10-31T11:24:58+00:00\",\"dateModified\":\"2024-01-24T19:56:29+00:00\",\"breadcrumb\":{\"@id\":\"https:\\\/\\\/luxometer.com\\\/ca\\\/politica-de-privadesa\\\/#breadcrumb\"},\"inLanguage\":\"ca\",\"potentialAction\":[{\"@type\":\"ReadAction\",\"target\":[\"https:\\\/\\\/luxometer.com\\\/ca\\\/politica-de-privadesa\\\/\"]}]},{\"@type\":\"BreadcrumbList\",\"@id\":\"https:\\\/\\\/luxometer.com\\\/ca\\\/politica-de-privadesa\\\/#breadcrumb\",\"itemListElement\":[{\"@type\":\"ListItem\",\"position\":1,\"name\":\"Portada\",\"item\":\"https:\\\/\\\/luxometer.com\\\/ca\\\/home\\\/\"},{\"@type\":\"ListItem\",\"position\":2,\"name\":\"Pol\u00edtica de Privadesa\"}]},{\"@type\":\"WebSite\",\"@id\":\"https:\\\/\\\/luxometer.com\\\/ca\\\/#website\",\"url\":\"https:\\\/\\\/luxometer.com\\\/ca\\\/\",\"name\":\"Luxometer\",\"description\":\"\",\"potentialAction\":[{\"@type\":\"SearchAction\",\"target\":{\"@type\":\"EntryPoint\",\"urlTemplate\":\"https:\\\/\\\/luxometer.com\\\/ca\\\/?s={search_term_string}\"},\"query-input\":{\"@type\":\"PropertyValueSpecification\",\"valueRequired\":true,\"valueName\":\"search_term_string\"}}],\"inLanguage\":\"ca\"}]}<\/script>\n<!-- \/ Yoast SEO plugin. -->","yoast_head_json":{"title":"Pol\u00edtica de Privadesa - Luxometer","robots":{"index":"index","follow":"follow","max-snippet":"max-snippet:-1","max-image-preview":"max-image-preview:large","max-video-preview":"max-video-preview:-1"},"canonical":"https:\/\/luxometer.com\/ca\/politica-de-privadesa\/","og_locale":"ca_ES","og_type":"article","og_title":"Pol\u00edtica de Privadesa - Luxometer","og_description":"POL\u00cdTICA DE PRIVACITAT INTRODUCCI\u00d3 La seva privadesa \u00e9s important per a nosaltres, aix\u00ed que, mitjan\u00e7ant aquest document, us expliquem quines dades recollim dels usuaris, com les utilitzem i per a qu\u00e8, entre altres indicacions. Per a la vostra informaci\u00f3, mai demanarem m\u00e9s informaci\u00f3 de la que realment necessitarem per als serveis requerits; mai no la [&hellip;]","og_url":"https:\/\/luxometer.com\/ca\/politica-de-privadesa\/","og_site_name":"Luxometer","article_modified_time":"2024-01-24T19:56:29+00:00","twitter_card":"summary_large_image","twitter_misc":{"Temps estimat de lectura":"9 minuts"},"schema":{"@context":"https:\/\/schema.org","@graph":[{"@type":"WebPage","@id":"https:\/\/luxometer.com\/ca\/politica-de-privadesa\/","url":"https:\/\/luxometer.com\/ca\/politica-de-privadesa\/","name":"Pol\u00edtica de Privadesa - Luxometer","isPartOf":{"@id":"https:\/\/luxometer.com\/ca\/#website"},"datePublished":"2023-10-31T11:24:58+00:00","dateModified":"2024-01-24T19:56:29+00:00","breadcrumb":{"@id":"https:\/\/luxometer.com\/ca\/politica-de-privadesa\/#breadcrumb"},"inLanguage":"ca","potentialAction":[{"@type":"ReadAction","target":["https:\/\/luxometer.com\/ca\/politica-de-privadesa\/"]}]},{"@type":"BreadcrumbList","@id":"https:\/\/luxometer.com\/ca\/politica-de-privadesa\/#breadcrumb","itemListElement":[{"@type":"ListItem","position":1,"name":"Portada","item":"https:\/\/luxometer.com\/ca\/home\/"},{"@type":"ListItem","position":2,"name":"Pol\u00edtica de Privadesa"}]},{"@type":"WebSite","@id":"https:\/\/luxometer.com\/ca\/#website","url":"https:\/\/luxometer.com\/ca\/","name":"Luxometer","description":"","potentialAction":[{"@type":"SearchAction","target":{"@type":"EntryPoint","urlTemplate":"https:\/\/luxometer.com\/ca\/?s={search_term_string}"},"query-input":{"@type":"PropertyValueSpecification","valueRequired":true,"valueName":"search_term_string"}}],"inLanguage":"ca"}]}},"_links":{"self":[{"href":"https:\/\/luxometer.com\/ca\/wp-json\/wp\/v2\/pages\/285","targetHints":{"allow":["GET"]}}],"collection":[{"href":"https:\/\/luxometer.com\/ca\/wp-json\/wp\/v2\/pages"}],"about":[{"href":"https:\/\/luxometer.com\/ca\/wp-json\/wp\/v2\/types\/page"}],"author":[{"embeddable":true,"href":"https:\/\/luxometer.com\/ca\/wp-json\/wp\/v2\/users\/1"}],"replies":[{"embeddable":true,"href":"https:\/\/luxometer.com\/ca\/wp-json\/wp\/v2\/comments?post=285"}],"version-history":[{"count":6,"href":"https:\/\/luxometer.com\/ca\/wp-json\/wp\/v2\/pages\/285\/revisions"}],"predecessor-version":[{"id":291,"href":"https:\/\/luxometer.com\/ca\/wp-json\/wp\/v2\/pages\/285\/revisions\/291"}],"wp:attachment":[{"href":"https:\/\/luxometer.com\/ca\/wp-json\/wp\/v2\/media?parent=285"}],"curies":[{"name":"wp","href":"https:\/\/api.w.org\/{rel}","templated":true}]}}